{"id":865,"date":"2019-06-18T15:29:49","date_gmt":"2019-06-18T13:29:49","guid":{"rendered":"http:\/\/olympia-camp.g-werbe.net\/?page_id=865"},"modified":"2026-03-04T14:13:34","modified_gmt":"2026-03-04T13:13:34","slug":"datenschutz","status":"publish","type":"page","link":"https:\/\/olympia-camp.g-werbe.net\/index.php\/datenschutz\/","title":{"rendered":"Datenschutz"},"content":{"rendered":"<div class=\"entry\">\n<p><strong>Im Folgenden finden Sie unsere Datenschutzerkl\u00e4rung:<\/strong><\/p>\n<p>Datenschutz nehmen wir sehr ernst und hier informieren wir Sie dar\u00fcber, welche Daten w\u00e4hrend Ihres Besuchs auf dieser Website erfasst und wie diese genutzt werden. Wir behandeln Ihre personenbezogenen Daten vertraulich und entsprechend der gesetzlichen Datenschutzvorschriften sowie dieser Datenschutzerkl\u00e4rung. Die Nutzung unserer Webseite ist in der Regel ohne Angabe personenbezogener Daten m\u00f6glich. Soweit auf unseren Seiten personenbezogene Daten (beispielsweise Name, Anschrift oder E-Mail-Adressen) erhoben werden, erfolgt dies, soweit m\u00f6glich, stets auf freiwilliger Basis. Diese Daten werden ohne Ihre ausdr\u00fcckliche Zustimmung nicht an Dritte weitergegeben. Wir weisen darauf hin, dass die Daten\u00fcbertragung im Internet (z.B. bei der Kommunikation per E-Mail) Sicherheitsl\u00fccken aufweisen kann. Ein l\u00fcckenloser Schutz der Daten vor dem Zugriff durch Dritte ist nicht m\u00f6glich.<\/p>\n<p><strong>1. Name und Kontaktdaten des f\u00fcr die Verarbeitung Verantwortlichen<\/strong><\/p>\n<p>Diese Datenschutz-Information gilt f\u00fcr die Datenverarbeitung durch:<\/p>\n<p><strong>Olympia 2004 e.V.<\/strong><br \/>\nClaudia Leyder<br \/>\nBr\u00fchl 8<br \/>\n31134 Hildesheim<\/p>\n<p>E-Mail:&nbsp;info@olympia-camp.de<\/p>\n<p><strong>2. Erhebung und Speicherung personenbezogener Daten sowie Art und Zweck von deren Verwendung<br \/>\n<\/strong><br \/>\nBeim Aufrufen unserer Website werden durch den auf Ihrem Endger\u00e4t zum Einsatz kommenden Browser automatisch Informationen an den Server unserer Website gesendet. Diese Informationen werden tempor\u00e4r in sog. Server-Log-Dateien gespeichert. Folgende Informationen werden dabei ohne Ihr Zutun erfasst und bis zur automatisierten L\u00f6schung gespeichert:<\/p>\n<p>\u2022 IP-Adresse des anfragenden Rechners<br \/>\n\u2022 Datum und Uhrzeit des Zugriffs<br \/>\n\u2022 Name und URL der abgerufenen Datei<br \/>\n\u2022 Website, von der aus der Zugriff erfolgt (Referrer-URL)<br \/>\n\u2022 verwendeter Browser und Betriebssystem<br \/>\n\u2022 sowie der Hostname des zugreifenden Rechners<\/p>\n<p>Die genannten Daten werden durch uns zu folgenden Zwecken verarbeitet:<\/p>\n<p>\u2022 Gew\u00e4hrleistung eines reibungslosen Verbindungsaufbaus der Website<br \/>\n\u2022 Gew\u00e4hrleistung einer komfortablen Nutzung unserer Website<br \/>\n\u2022 Auswertung der Systemsicherheit und -stabilit\u00e4t<br \/>\n\u2022 Analyse Ihres Nutzungsverhaltens<br \/>\n\u2022 weitere administrative Zwecke<\/p>\n<p>Die Rechtsgrundlage f\u00fcr die Datenverarbeitung ist Art. 6 Abs. 1 S. 1 lit. f DSGVO, der die Verarbeitung von Daten zur Erf\u00fcllung eines Vertrags oder vorvertraglicher Ma\u00dfnahmen gestattet.<\/p>\n<p>Unser berechtigtes Interesse folgt aus oben aufgelisteten Zwecken zur Datenerhebung. In keinem Fall verwenden wir die erhobenen Daten zu dem Zweck, R\u00fcckschl\u00fcsse auf Ihre Person zu ziehen.<\/p>\n<p><strong>3. Weitergabe von Daten<\/strong><\/p>\n<p>Eine \u00dcbermittlung Ihrer pers\u00f6nlichen Daten an Dritte zu anderen als den im Folgenden aufgef\u00fchrten Zwecken findet nicht statt.<br \/>\nWir geben Ihre pers\u00f6nlichen Daten nur an Dritte weiter, wenn:<\/p>\n<p>\u2022 Sie Ihre nach Art. 6 Abs. 1 S. 1 lit. a DSGVO ausdr\u00fcckliche Einwilligung dazu erteilt haben,<br \/>\n\u2022 f\u00fcr den Fall, dass f\u00fcr die Weitergabe nach Art. 6 Abs. 1 S. 1 lit. c DSGVO eine gesetzliche Verpflichtung besteht, sowie<br \/>\n\u2022 dies gesetzlich zul\u00e4ssig und nach Art. 6 Abs. 1 S. 1 lit. b DSGVO f\u00fcr die Abwicklung von Vertragsverh\u00e4ltnissen mit Ihnen erforderlich ist.<\/p>\n<p><strong>4. Cookies<\/strong><\/p>\n<p>Wir setzen auf unserer Seite Cookies ein. Hierbei handelt es sich um kleine Textdateien, die auf Ihrem Endger\u00e4t (Laptop, Tablet, Smartphone o.\u00e4.)&nbsp;abgelegt werden und die Ihr Browser speichert. Cookies richten auf Ihrem Endger\u00e4t keinen Schaden an und enthalten keine Viren, Trojaner oder sonstige Schadsoftware. Der Einsatz von Cookies dient einerseits dazu, die Nutzung unseres Angebots f\u00fcr Sie angenehmer zu gestalten. So setzen wir sogenannte Session-Cookies ein, um zu erkennen, dass Sie einzelne Seiten unserer Website bereits besucht haben. Diese werden nach Verlassen unserer Seite automatisch gel\u00f6scht. Andere Cookies bleiben auf Ihrem Endger\u00e4t gespeichert bis Sie diese l\u00f6schen. Diese Cookies erm\u00f6glichen es uns, Ihren Browser beim n\u00e4chsten Besuch wiederzuerkennen.<\/p>\n<p>Zum anderen setzten wir Cookies ein, um die Nutzung unserer Website statistisch zu erfassen und zum Zwecke der Optimierung unseres Angebotes f\u00fcr Sie auszuwerten (siehe Ziff. 5). Diese Cookies erm\u00f6glichen es uns, bei einem erneuten Besuch unserer Seite automatisch zu erkennen, dass Sie bereits bei uns waren. Diese Cookies werden nach einer jeweils definierten Zeit automatisch gel\u00f6scht. Die durch Cookies verarbeiteten Daten sind f\u00fcr die genannten Zwecke zur Wahrung unserer berechtigten Interessen sowie der Interessen Dritter nach Art. 6 Abs. 1 S. 1 lit. f DSGVO erforderlich.<\/p>\n<p>Die meisten Browser akzeptieren Cookies automatisch. Sie k\u00f6nnen Ihren Browser so einstellen, dass Sie \u00fcber das Setzen von Cookies informiert werden und Cookies nur im Einzelfall erlauben, die Annahme von Cookies f\u00fcr bestimmte F\u00e4lle oder generell ausschlie\u00dfen sowie das automatische L\u00f6schen der Cookies beim Schlie\u00dfen des Browsers aktivieren. Die vollst\u00e4ndige Deaktivierung von Cookies kann jedoch dazu f\u00fchren, dass Sie nicht alle Funktionen unserer Website nutzen k\u00f6nnen.<\/p>\n<p><strong>5. Analyse-Tools<br \/>\n<\/strong><br \/>\nBeim Besuch unserer Website kann Ihr Surf-Verhalten statistisch ausgewertet werden. Das geschieht abgesehen von Cookies mit sogenannten Analyse-Tools. Die Analyse Ihres Surf-Verhaltens erfolgt in der Regel anonym, das Surf-Verhalten kann also nicht zu Ihnen zur\u00fcck verfolgt werden.&nbsp;<\/p>\n<p>Die im Folgenden aufgef\u00fchrten und von uns eingesetzten Tracking-Ma\u00dfnahmen werden auf Grundlage des Art.6 Abs. 1 S. 1 lit. f DSGVO durchgef\u00fchrt. Mit den zum Einsatz kommenden Tracking-Ma\u00dfnahmen wollen wir eine bedarfsgerechte Gestaltung und die fortlaufende Optimierung unserer Webseite sicherstellen. Zum anderen setzen wir die Tracking-Ma\u00dfnahmen ein, um die Nutzung unserer Webseite statistisch zu erfassen und zum Zwecke der Optimierung unseres Angebotes f\u00fcr Sie auszuwerten. Diese Interessen sind als berechtigt im Sinne der vorgenannten Vorschrift anzusehen. Die jeweiligen Datenverarbeitungszwecke und Datenkategorien sind aus den entsprechenden Tracking-Tools zu entnehmen.<\/p>\n<p>a) Google Analytics<\/p>\n<p>Diese Website nutzt Funktionen des Webanalysedienstes Google Analytics. Anbieter ist die Google Inc., 1600 Amphitheatre Parkway, Mountain View, CA 94043, USA. Google Analytics verwendet Cookies (siehe unter Ziff. 4). Die durch den Cookie erzeugten Informationen u\u0308ber Ihre Benutzung dieser Website (aufgelistet unter Ziff. 2) werden in der Regel an einen Server von Google in den USA \u00fcbertragen und dort gespeichert. Die Speicherung von Google-Analytics-Cookies erfolgt auf Grundlage von Art. 6 Abs. 1 lit. f DSGVO. Die Informationen werden verwendet, um das Nutzerverhalten zu analysieren und unser Webangebot zu optimieren. Sie k\u00f6nnen die Erfassung der durch das Cookie erzeugten und auf Ihre Nutzung der Website bezogenen Daten (inkl. Ihrer IP-Adresse) sowie die Verarbeitung dieser Daten durch Google verhindern, indem Sie ein Browser-Add-on herunterladen und installieren (<a href=\"https:\/\/tools.google.com\/dlpage\/gaoptout?hl=de\" target=\"_blank\" rel=\"noopener noreferrer\">https:\/\/tools.google.com\/dlpage\/gaoptout?hl=de).<\/a> Sie k\u00f6nnen die Erfassung durch Google Analytics verhindern, indem Sie auf folgenden Link klicken (<a href=\"https:\/\/www.quantcast.com\/opt-out\/\" target=\"_blank\" rel=\"noopener noreferrer\">https:\/\/www.quantcast.com\/opt-out\/<\/a>). Es wird ein Opt-Out-Cookie gesetzt, der die zuk\u00fcnftige Erfassung Ihrer Daten beim Besuch dieser Website verhindert. Weitere Informationen zum Datenschutz im Zusammenhang mit Google Analytics finden Sie etwa in der Google Analytics-Hilfe (<a href=\"https:\/\/support.google.com\/analytics\/answer\/6004245?hl=de\" target=\"_blank\" rel=\"noopener noreferrer\">https:\/\/support.google.com\/analytics\/answer\/6004245?hl=de<\/a>).<\/p>\n<p>Im Falle der Aktivierung der IP-Anonymisierung auf dieser Webseite wird Ihre IP-Adresse von Google innerhalb von Mitgliedstaaten der Europ\u00e4ischen Union oder in anderen Vertragsstaaten des Abkommens \u00fcber den Europ\u00e4ischen Wirtschaftsraum vor der \u00dcbermittlung in die USA gek\u00fcrzt. Nur in Ausnahmef\u00e4llen wird die volle IP-Adresse an einen Server von Google in den USA \u00fcbertragen und dort gek\u00fcrzt. Google benutzt diese Informationen, um Ihre Nutzung der Website auszuwerten, um Reports \u00fcber die Websiteaktivit\u00e4ten zusammenzustellen und um weitere mit der Websitenutzung und der Internetnutzung verbundene Dienstleistungen gegen\u00fcber dem Websitebetreiber zu erbringen. Die im Rahmen von Google Analytics von Ihrem Browser \u00fcbermittelte IP-Adresse wird nicht mit anderen Daten von Google zusammengef\u00fchrt.<\/p>\n<p>b) WordPress Stats<\/p>\n<p>Wir benutzen das WordPress Tool Stats, um Besucherzugriffe statistisch auszuwerten. Anbieter ist die Automattic Inc., 60 29th Street #343, San Francisco, CA 94110-4929, USA. WordPress Stats verwendet Cookies, die auf Ihrem Computer gespeichert werden und die eine Analyse der Benutzung der Website erlauben. Die durch die Cookies generierten Informationen \u00fcber die Benutzung unserer Website werden auf Servern in den USA gespeichert. Ihre IP-Adresse wird nach der Verarbeitung und vor der Speicherung anonymisiert. \u201cWordPress-Stats\u201d-Cookies verbleiben auf Ihrem Endger\u00e4t, bis Sie diese l\u00f6schen. Die Speicherung von \u201cWordPress Stats\u201d-Cookies erfolgt auf Grundlage von Art. 6 Abs. 1 lit. f DSGVO zum Zweck der anonymisierten Analyse des Nutzerverhaltens, um unser Webangebot zu optimieren. Sie k\u00f6nnen Ihren Browser so einstellen, dass Sie \u00fcber das Setzen von Cookies informiert werden und Cookies nur im Einzelfall erlauben, die Annahme von Cookies f\u00fcr bestimmte F\u00e4lle oder generell ausschlie\u00dfen sowie das automatische L\u00f6schen der Cookies beim Schlie\u00dfen des Browser aktivieren. Bei der Deaktivierung von Cookies kann die Funktionalit\u00e4t unserer Website eingeschr\u00e4nkt sein. Sie k\u00f6nnen der Erhebung und Nutzung Ihrer Daten f\u00fcr die Zukunft widersprechen, indem Sie mit einem Klick auf diesen Link einen Opt-Out-Cookie in Ihrem Browser setzen:&nbsp;<a href=\"https:\/\/www.quantcast.com\/opt-out\/\" target=\"_blank\" rel=\"noopener noreferrer\">https:\/\/www.quantcast.com\/opt-out\/<\/a>. Wenn Sie die Cookies auf Ihrem Rechner l\u00f6schen, m\u00fcssen Sie den Opt-Out-Cookie erneut setzen.<\/p>\n<p><strong>6. Plugins<br \/>\n<\/strong><br \/>\nAuf unserer Seite werden auch Plugins von Drittanbietern eingesetzt. Die Verantwortung f\u00fcr den datenschutzkonformen Betrieb ist durch deren jeweiligen Anbieter zu gew\u00e4hrleisten. Wir haben keinen Einfluss darauf, wie die Daten von dem jeweiligen Anbieter verwendet werden. Es ist davon auszugehen, dass zumindest die IP-Adresse sowie Informationen \u00fcber die verwendeten Endger\u00e4te erfasst und genutzt werden, ebenso ist nicht auszuschlie\u00dfen, dass von dem jeweiligen Anbieter versucht wird, Cookies auf den verwendeten Endger\u00e4ten zu speichern.<\/p>\n<p>a) Google Web Fonts<\/p>\n<p>Diese Seite nutzt zur einheitlichen Darstellung von Schriftarten so genannte Web Fonts, die von Google bereitgestellt werden. Beim Aufruf einer Seite l\u00e4dt Ihr Browser die ben\u00f6tigten Web Fonts in ihren Browsercache, um Texte und Schriftarten korrekt anzuzeigen.<\/p>\n<p>Zu diesem Zweck muss der von Ihnen verwendete Browser Verbindung zu den Servern von Google aufnehmen. Hierdurch erlangt Google Kenntnis dar\u00fcber, dass \u00fcber Ihre IP-Adresse unsere Website aufgerufen wurde. Die Nutzung von Google Web Fonts erfolgt im Interesse einer einheitlichen und ansprechenden Darstellung unserer Online-Angebote. Dies stellt ein berechtigtes Interesse im Sinne von Art. 6 Abs. 1 lit. f DSGVO dar.<\/p>\n<p>Wenn Ihr Browser Web Fonts nicht unterst\u00fctzt, wird eine Standardschrift von Ihrem Computer genutzt.<\/p>\n<p>Weitere Informationen zu Google Web Fonts finden Sie unter&nbsp;<a href=\"https:\/\/developers.google.com\/fonts\/faq\" target=\"_blank\" rel=\"noopener noreferrer\">https:\/\/developers.google.com\/fonts\/faq<\/a>&nbsp;und in der Datenschutzerkl\u00e4rung von Google:&nbsp;<a href=\"https:\/\/www.google.com\/policies\/privacy\/\" target=\"_blank\" rel=\"noopener noreferrer\">https:\/\/www.google.com\/policies\/privacy\/<\/a>.<\/p>\n<p>b) Weitere Plugins<\/p>\n<p>Dar\u00fcber hinaus verwenden wir: Classic Editor, Import User CSV, NextGEN Download Gallery, NextGEN Gallery, Simple Membership WP User Import und Simple WordPress Membership, Ninja Forms.<\/p>\n<p><strong>7. Registrierung auf dieser Website<\/strong><\/p>\n<\/div>\n<p>Zur Nutzung bestimmter Funktionen k\u00f6nnen Sie sich auf unserer Website registrieren. Die \u00fcbermittelten Daten dienen ausschlie\u00dflich zum Zwecke der Nutzung des jeweiligen Angebotes oder Dienstes. Bei der Registrierung abgefragte Pflichtangaben sind vollst\u00e4ndig anzugeben. Andernfalls werden wir die Registrierung ablehnen.<\/p>\n<p>Im Falle wichtiger \u00c4nderungen, etwa aus technischen Gr\u00fcnden, informieren wir Sie per E-Mail. Die E-Mail wird an die Adresse versendet, die bei der Registrierung angegeben wurde.<\/p>\n<p>Die Verarbeitung der bei der Registrierung eingegebenen Daten erfolgt auf Grundlage Ihrer Einwilligung (Art. 6 Abs. 1 lit. a DSGVO). Ein Widerruf Ihrer bereits erteilten Einwilligung ist jederzeit m\u00f6glich. F\u00fcr den Widerruf gen\u00fcgt eine formlose Mitteilung per E-Mail. Die Rechtm\u00e4\u00dfigkeit der bereits erfolgten Datenverarbeitung bleibt vom Widerruf unber\u00fchrt.<\/p>\n<p>Wir speichern die bei der Registrierung erfassten Daten w\u00e4hrend des Zeitraums, den Sie auf unserer Website registriert sind. Ihren Daten werden gel\u00f6scht, sollten Sie Ihre Registrierung aufheben. Gesetzliche Aufbewahrungsfristen bleiben unber\u00fchrt.<\/p>\n<p><strong>8. Datenverarbeitung bei Anmeldung und Teilnahme im OlympiaCamp<\/strong><\/p>\n<p>a) Einwilligung<\/p>\n<p>Mit der Anmeldung zur Veranstaltung willigt der Anmelder in die Verarbeitung seiner personenbezogenen Daten zum Zweck der Veranstaltungsdurchf\u00fchrung ein.<\/p>\n<p>b) Name und Anschrift des f\u00fcr die Verarbeitung Verantwortlichen und Zweck der Verarbeitung<\/p>\n<p>Als Verantwortlicher verarbeitet der Verein Olympia 2004 eV (Zingel 34, 31134 Hildesheim, HYPERLINK &#8222;mailto:info@olympia-camp.de&#8220; info@olympia-camp.de, Tel. 0177 \/ 704 8477) die personenbezogenen Daten aus der Anmeldung zum Zwecke der Planung, Durchf\u00fchrung und Nachbereitung der Veranstaltung Hildesheimer OlympiaCamp (z. B. Einteilung in Sportarten, Erstellung von Namensschildern, Gruppenlisten der Sportarten).<\/p>\n<p>c) Empf\u00e4nger der Daten<\/p>\n<p>Eine Weitergabe der Daten an Dritte au\u00dferhalb der Veranstaltung Hildesheimer OlympiaCamp, mit Ausnahme der in der Datenschutzerkl\u00e4rung benannten Verarbeiter, sowie die Nutzung der Daten zu Werbezwecken findet nicht statt. Die Daten werden f\u00fcr das Hildesheimer OlympiaCamp von den teilnehmenden und betreuenden Sportvereinen, Grafikern, Druckerei verwendet.<\/p>\n<p>d) Dauer der Verarbeitung<\/p>\n<p>Die Datenverarbeitung erfolgt aufgrund \u00a7 6 Abs. 1 lit. b DSGVO. Die Daten werden nur solange verarbeitet, wie es zur Veranstaltungsplanung, -durchf\u00fchrung oder aufgrund gesetzlicher Vorschriften erforderlich ist. Sollte der Anmeldende die L\u00f6schung seiner Daten w\u00fcnschen, so werden diese unverz\u00fcglich gel\u00f6scht, soweit nicht rechtliche Aufbewahrungspflichten entgegenstehen.<\/p>\n<p>e) Betroffenenrechte<\/p>\n<p>Die Erziehungsberechtigten haben das Recht auf Auskunft seitens des Verantwortlichen, ob sie oder ihr Kind betreffende personenbezogene Daten verarbeitet werden. Ist dies der Fall, hat die betroffene Person ein Recht auf Auskunft \u00fcber die personenbezogenen Daten (Art. 15 DSGVO), das Recht auf Berichtigung ihn betreffender unrichtiger erhobener personenbezogener Daten (Art. 16 DSGVO), ein Recht auf L\u00f6schung der personenbezogenen Daten (Art. 17 DSGVO), auf Einschr\u00e4nkung der Verarbeitung (Art. 18 DSGVO), das Beschwerderecht gegen\u00fcber einer Aufsichtsbeh\u00f6rde (Art. 77 DSGVO) und auf Daten\u00fcbertragbarkeit (Art 20 DSGVO).&nbsp;<\/p>\n<p><strong>9. Ihre Rechte<br \/>\n<\/strong><br \/>\na) Auskunft, Sperrung, L\u00f6schung<\/p>\n<div class=\"entry\">\n<p>Sie haben im Rahmen der geltenden gesetzlichen Bestimmungen (Art. 15-17 DSGVO) jederzeit das Recht auf unentgeltliche Auskunft \u00fcber Ihre gespeicherten personenbezogenen Daten, deren Herkunft und Empf\u00e4nger und den Zweck der Datenverarbeitung und ggf. ein Recht auf Berichtigung, Sperrung oder L\u00f6schung dieser Daten. Hierzu sowie zu weiteren Fragen zum Thema personenbezogene Daten k\u00f6nnen Sie sich jederzeit unter <a href=\"mailto:info@olympia-camp.de\">info@olympia-camp.de<\/a> an uns wenden.<\/p>\n<p>b) Widerruf Ihrer Einwilligung zur Datenverarbeitung<\/p>\n<p>Viele Datenverarbeitungsvorg\u00e4nge sind nur mit Ihrer ausdr\u00fccklichen Einwilligung m\u00f6glich. Sie k\u00f6nnen eine bereits erteilte Einwilligung jederzeit gem. Art. 7 Abs. 3 DSGVO widerrufen. Dazu reicht eine formlose Mitteilung per E-Mail an uns. Die Rechtm\u00e4\u00dfigkeit der bis zum Widerruf erfolgten Datenverarbeitung bleibt vom Widerruf unber\u00fchrt.<\/p>\n<p>c) Beschwerderecht bei der zust\u00e4ndigen Aufsichtsbeh\u00f6rde<\/p>\n<p>Im Falle datenschutzrechtlicher Verst\u00f6\u00dfe steht dem Betroffenen ein Beschwerderecht bei der zust\u00e4ndigen Aufsichtsbeh\u00f6rde nach Art. 77 DSGVO zu. Zust\u00e4ndige Aufsichtsbeh\u00f6rde in datenschutzrechtlichen Fragen ist der Landesdatenschutzbeauftragte des Bundeslandes Niedersachsen.<\/p>\n<p>d) Recht auf Daten\u00fcbertragbarkeit<\/p>\n<p>Sie haben gem. Art. 20 DSGVO das Recht, Daten, die wir auf Grundlage Ihrer Einwilligung oder in Erf\u00fcllung eines Vertrags automatisiert verarbeiten, an sich oder an einen Dritten in einem g\u00e4ngigen, maschinenlesbaren Format aush\u00e4ndigen zu lassen. Sofern Sie die direkte \u00dcbertragung der Daten an einen anderen Verantwortlichen verlangen, erfolgt dies nur, soweit es technisch machbar ist.<\/p>\n<p>e) Widerspruchsrecht<\/p>\n<p>Sofern Ihre personenbezogenen Daten auf Grundlage von berechtigten Interessen gem\u00e4\u00df Art. 6 Abs. 1 S. 1 lit. F DSGVO verarbeitet werden, haben Sie das Recht, gem\u00e4\u00df Art. 21 DSGVO Widerspruch gegen die Verarbeitung Ihrer personenbezogenen Daten einzulegen, soweit daf\u00fcr Gr\u00fcnde vorliegen, die sich aus Ihrer besonderen Situation ergeben oder sich der Widerspruch gegen Direktwerbung richtet. Im letzteren Fall haben Sie ein generelles Widerspruchsrecht, das ohne Angabe einer besonderen Situation von uns umgesetzt wird. M\u00f6chten Sie von Ihrem Widerrufs- oder Widerspruchsrecht Gebrauch machen, gen\u00fcgt eine E-Mail an info@olympia-camp.de.<\/p>\n<p><strong>10. Datensicherheit<br \/>\n<\/strong><br \/>\nWir bedienen uns geeigneter technischer und organisatorischer Sicherheitsma\u00dfnahmen, um Ihre Daten gegen zuf\u00e4llige oder vors\u00e4tzliche Manipulationen, teilweisen oder vollst\u00e4ndigen Verlust, Zerst\u00f6rung oder gegen den unbefugten Zugriff Dritter zu sch\u00fctzen. Unsere Sicherheitsma\u00dfnahmen werden entsprechend der technologischen Entwicklung fortlaufend verbessert.<\/p>\n<p><strong>11. Aktualit\u00e4t und \u00c4nderung dieser Datenschutzerkl\u00e4rung<br \/>\n<\/strong><br \/>\nDiese Datenschutzerkl\u00e4rung ist aktuell g\u00fcltig und hat den Stand April 2020.<\/p>\n<\/div>\n<p>&nbsp;<\/p>\n","protected":false},"excerpt":{"rendered":"<p>Im Folgenden finden Sie unsere Datenschutzerkl\u00e4rung: Datenschutz nehmen wir sehr ernst und hier informieren wir Sie dar\u00fcber, welche Daten w\u00e4hrend Ihres Besuchs auf dieser Website erfasst und wie diese genutzt werden. Wir behandeln Ihre personenbezogenen Daten vertraulich und entsprechend der gesetzlichen Datenschutzvorschriften sowie dieser Datenschutzerkl\u00e4rung. Die Nutzung unserer Webseite ist in der Regel ohne Angabe [&hellip;]<\/p>\n","protected":false},"author":1,"featured_media":0,"parent":0,"menu_order":0,"comment_status":"closed","ping_status":"closed","template":"","meta":{"ngg_post_thumbnail":0,"footnotes":""},"class_list":["post-865","page","type-page","status-publish","hentry"],"_links":{"self":[{"href":"https:\/\/olympia-camp.g-werbe.net\/index.php\/wp-json\/wp\/v2\/pages\/865","targetHints":{"allow":["GET"]}}],"collection":[{"href":"https:\/\/olympia-camp.g-werbe.net\/index.php\/wp-json\/wp\/v2\/pages"}],"about":[{"href":"https:\/\/olympia-camp.g-werbe.net\/index.php\/wp-json\/wp\/v2\/types\/page"}],"author":[{"embeddable":true,"href":"https:\/\/olympia-camp.g-werbe.net\/index.php\/wp-json\/wp\/v2\/users\/1"}],"replies":[{"embeddable":true,"href":"https:\/\/olympia-camp.g-werbe.net\/index.php\/wp-json\/wp\/v2\/comments?post=865"}],"version-history":[{"count":8,"href":"https:\/\/olympia-camp.g-werbe.net\/index.php\/wp-json\/wp\/v2\/pages\/865\/revisions"}],"predecessor-version":[{"id":26648,"href":"https:\/\/olympia-camp.g-werbe.net\/index.php\/wp-json\/wp\/v2\/pages\/865\/revisions\/26648"}],"wp:attachment":[{"href":"https:\/\/olympia-camp.g-werbe.net\/index.php\/wp-json\/wp\/v2\/media?parent=865"}],"curies":[{"name":"wp","href":"https:\/\/api.w.org\/{rel}","templated":true}]}}